{"id":47,"date":"2026-02-14T11:47:44","date_gmt":"2026-02-14T11:47:44","guid":{"rendered":"https:\/\/ecokumascilik.com.tr\/?page_id=47"},"modified":"2026-02-14T12:09:38","modified_gmt":"2026-02-14T12:09:38","slug":"urunler","status":"publish","type":"page","link":"https:\/\/ecokumascilik.com.tr\/index.php\/urunler\/","title":{"rendered":"\u00dcr\u00fcnler"},"content":{"rendered":"\t\t<div data-elementor-type=\"wp-page\" data-elementor-id=\"47\" class=\"elementor elementor-47\">\n\t\t\t\t<div class=\"elementor-element elementor-element-88df81f e-flex e-con-boxed e-con e-parent\" data-id=\"88df81f\" data-element_type=\"container\" data-e-type=\"container\">\n\t\t\t\t\t<div class=\"e-con-inner\">\n\t\t<div class=\"elementor-element elementor-element-131c83a e-con-full e-flex e-con e-child\" data-id=\"131c83a\" data-element_type=\"container\" data-e-type=\"container\">\n\t\t\t\t<div class=\"elementor-element elementor-element-a9e0087 elementor-widget elementor-widget-text-editor\" data-id=\"a9e0087\" data-element_type=\"widget\" data-e-type=\"widget\" data-widget_type=\"text-editor.default\">\n\t\t\t\t\t\t\t\t\t<h3>LYC SUPREM<br \/>PAMUK POLYESTER 2\u0130PL\u0130K<br \/>D\u00dcZ S\u00dcPREM<br \/>L\u0130KRASIZ SUPREM<br \/>3\u0130PL\u0130K<br \/>PAMUGA-PAMUK<\/h3>\t\t\t\t\t\t\t\t<\/div>\n\t\t\t\t<\/div>\n\t\t<div class=\"elementor-element elementor-element-0aacd4c e-con-full e-flex e-con e-child\" data-id=\"0aacd4c\" data-element_type=\"container\" data-e-type=\"container\">\n\t\t\t\t<div class=\"elementor-element elementor-element-95a6999 elementor-widget elementor-widget-image\" data-id=\"95a6999\" data-element_type=\"widget\" data-e-type=\"widget\" data-widget_type=\"image.default\">\n\t\t\t\t\t\t\t\t\t\t\t\t\t\t\t<img fetchpriority=\"high\" decoding=\"async\" width=\"1024\" height=\"455\" src=\"https:\/\/ecokumascilik.com.tr\/wp-content\/uploads\/2026\/02\/ecokumas-slider3-1024x455.jpg\" class=\"attachment-large size-large wp-image-13\" alt=\"\" srcset=\"https:\/\/ecokumascilik.com.tr\/wp-content\/uploads\/2026\/02\/ecokumas-slider3-1024x455.jpg 1024w, https:\/\/ecokumascilik.com.tr\/wp-content\/uploads\/2026\/02\/ecokumas-slider3-300x133.jpg 300w, https:\/\/ecokumascilik.com.tr\/wp-content\/uploads\/2026\/02\/ecokumas-slider3-768x341.jpg 768w, https:\/\/ecokumascilik.com.tr\/wp-content\/uploads\/2026\/02\/ecokumas-slider3-1536x683.jpg 1536w, https:\/\/ecokumascilik.com.tr\/wp-content\/uploads\/2026\/02\/ecokumas-slider3.jpg 1800w\" sizes=\"(max-width: 1024px) 100vw, 1024px\" \/>\t\t\t\t\t\t\t\t\t\t\t\t\t\t\t<\/div>\n\t\t\t\t<\/div>\n\t\t\t\t\t<\/div>\n\t\t\t\t<\/div>\n\t\t<div class=\"elementor-element elementor-element-3c113f1 e-con-full e-flex e-con e-parent\" data-id=\"3c113f1\" data-element_type=\"container\" data-e-type=\"container\">\n\t\t\t\t<div class=\"elementor-element elementor-element-514e412 elementor-widget__width-initial elementor-widget elementor-widget-image-gallery\" data-id=\"514e412\" data-element_type=\"widget\" data-e-type=\"widget\" data-widget_type=\"image-gallery.default\">\n\t\t\t\t\t\t\t<div class=\"elementor-image-gallery\">\n\t\t\t<div id='gallery-1' class='gallery galleryid-47 gallery-columns-2 gallery-size-full'><figure class='gallery-item'>\n\t\t\t<div class='gallery-icon landscape'>\n\t\t\t\t<a data-elementor-open-lightbox=\"yes\" data-elementor-lightbox-slideshow=\"514e412\" data-elementor-lightbox-title=\"IMG_20170317_WA0013\" data-e-action-hash=\"#elementor-action%3Aaction%3Dlightbox%26settings%3DeyJpZCI6NjMsInVybCI6Imh0dHBzOlwvXC9lY29rdW1hc2NpbGlrLmNvbS50clwvd3AtY29udGVudFwvdXBsb2Fkc1wvMjAyNlwvMDJcL0lNR18yMDE3MDMxN19XQTAwMTMuanBnIiwic2xpZGVzaG93IjoiNTE0ZTQxMiJ9\" href='https:\/\/ecokumascilik.com.tr\/wp-content\/uploads\/2026\/02\/IMG_20170317_WA0013.jpg'><img decoding=\"async\" width=\"1200\" height=\"830\" src=\"https:\/\/ecokumascilik.com.tr\/wp-content\/uploads\/2026\/02\/IMG_20170317_WA0013.jpg\" class=\"attachment-full size-full\" alt=\"\" srcset=\"https:\/\/ecokumascilik.com.tr\/wp-content\/uploads\/2026\/02\/IMG_20170317_WA0013.jpg 1200w, https:\/\/ecokumascilik.com.tr\/wp-content\/uploads\/2026\/02\/IMG_20170317_WA0013-300x208.jpg 300w, https:\/\/ecokumascilik.com.tr\/wp-content\/uploads\/2026\/02\/IMG_20170317_WA0013-1024x708.jpg 1024w, https:\/\/ecokumascilik.com.tr\/wp-content\/uploads\/2026\/02\/IMG_20170317_WA0013-768x531.jpg 768w\" sizes=\"(max-width: 1200px) 100vw, 1200px\" \/><\/a>\n\t\t\t<\/div><\/figure><figure class='gallery-item'>\n\t\t\t<div class='gallery-icon landscape'>\n\t\t\t\t<a data-elementor-open-lightbox=\"yes\" data-elementor-lightbox-slideshow=\"514e412\" data-elementor-lightbox-title=\"IMG_20170317_WA0012\" data-e-action-hash=\"#elementor-action%3Aaction%3Dlightbox%26settings%3DeyJpZCI6NjIsInVybCI6Imh0dHBzOlwvXC9lY29rdW1hc2NpbGlrLmNvbS50clwvd3AtY29udGVudFwvdXBsb2Fkc1wvMjAyNlwvMDJcL0lNR18yMDE3MDMxN19XQTAwMTIuanBnIiwic2xpZGVzaG93IjoiNTE0ZTQxMiJ9\" href='https:\/\/ecokumascilik.com.tr\/wp-content\/uploads\/2026\/02\/IMG_20170317_WA0012.jpg'><img decoding=\"async\" width=\"1200\" height=\"830\" src=\"https:\/\/ecokumascilik.com.tr\/wp-content\/uploads\/2026\/02\/IMG_20170317_WA0012.jpg\" class=\"attachment-full size-full\" alt=\"\" srcset=\"https:\/\/ecokumascilik.com.tr\/wp-content\/uploads\/2026\/02\/IMG_20170317_WA0012.jpg 1200w, https:\/\/ecokumascilik.com.tr\/wp-content\/uploads\/2026\/02\/IMG_20170317_WA0012-300x208.jpg 300w, https:\/\/ecokumascilik.com.tr\/wp-content\/uploads\/2026\/02\/IMG_20170317_WA0012-1024x708.jpg 1024w, https:\/\/ecokumascilik.com.tr\/wp-content\/uploads\/2026\/02\/IMG_20170317_WA0012-768x531.jpg 768w\" sizes=\"(max-width: 1200px) 100vw, 1200px\" \/><\/a>\n\t\t\t<\/div><\/figure><figure class='gallery-item'>\n\t\t\t<div class='gallery-icon landscape'>\n\t\t\t\t<a data-elementor-open-lightbox=\"yes\" data-elementor-lightbox-slideshow=\"514e412\" data-elementor-lightbox-title=\"IMG_20170317_WA0011\" data-e-action-hash=\"#elementor-action%3Aaction%3Dlightbox%26settings%3DeyJpZCI6NjEsInVybCI6Imh0dHBzOlwvXC9lY29rdW1hc2NpbGlrLmNvbS50clwvd3AtY29udGVudFwvdXBsb2Fkc1wvMjAyNlwvMDJcL0lNR18yMDE3MDMxN19XQTAwMTEuanBnIiwic2xpZGVzaG93IjoiNTE0ZTQxMiJ9\" href='https:\/\/ecokumascilik.com.tr\/wp-content\/uploads\/2026\/02\/IMG_20170317_WA0011.jpg'><img loading=\"lazy\" decoding=\"async\" width=\"1200\" height=\"830\" src=\"https:\/\/ecokumascilik.com.tr\/wp-content\/uploads\/2026\/02\/IMG_20170317_WA0011.jpg\" class=\"attachment-full size-full\" alt=\"\" srcset=\"https:\/\/ecokumascilik.com.tr\/wp-content\/uploads\/2026\/02\/IMG_20170317_WA0011.jpg 1200w, https:\/\/ecokumascilik.com.tr\/wp-content\/uploads\/2026\/02\/IMG_20170317_WA0011-300x208.jpg 300w, https:\/\/ecokumascilik.com.tr\/wp-content\/uploads\/2026\/02\/IMG_20170317_WA0011-1024x708.jpg 1024w, https:\/\/ecokumascilik.com.tr\/wp-content\/uploads\/2026\/02\/IMG_20170317_WA0011-768x531.jpg 768w\" sizes=\"(max-width: 1200px) 100vw, 1200px\" \/><\/a>\n\t\t\t<\/div><\/figure><figure class='gallery-item'>\n\t\t\t<div class='gallery-icon landscape'>\n\t\t\t\t<a data-elementor-open-lightbox=\"yes\" data-elementor-lightbox-slideshow=\"514e412\" data-elementor-lightbox-title=\"IMG_20170317_WA0010\" data-e-action-hash=\"#elementor-action%3Aaction%3Dlightbox%26settings%3DeyJpZCI6NjAsInVybCI6Imh0dHBzOlwvXC9lY29rdW1hc2NpbGlrLmNvbS50clwvd3AtY29udGVudFwvdXBsb2Fkc1wvMjAyNlwvMDJcL0lNR18yMDE3MDMxN19XQTAwMTAuanBnIiwic2xpZGVzaG93IjoiNTE0ZTQxMiJ9\" href='https:\/\/ecokumascilik.com.tr\/wp-content\/uploads\/2026\/02\/IMG_20170317_WA0010.jpg'><img loading=\"lazy\" decoding=\"async\" width=\"1200\" height=\"830\" src=\"https:\/\/ecokumascilik.com.tr\/wp-content\/uploads\/2026\/02\/IMG_20170317_WA0010.jpg\" class=\"attachment-full size-full\" alt=\"\" srcset=\"https:\/\/ecokumascilik.com.tr\/wp-content\/uploads\/2026\/02\/IMG_20170317_WA0010.jpg 1200w, https:\/\/ecokumascilik.com.tr\/wp-content\/uploads\/2026\/02\/IMG_20170317_WA0010-300x208.jpg 300w, https:\/\/ecokumascilik.com.tr\/wp-content\/uploads\/2026\/02\/IMG_20170317_WA0010-1024x708.jpg 1024w, https:\/\/ecokumascilik.com.tr\/wp-content\/uploads\/2026\/02\/IMG_20170317_WA0010-768x531.jpg 768w\" sizes=\"(max-width: 1200px) 100vw, 1200px\" \/><\/a>\n\t\t\t<\/div><\/figure><figure class='gallery-item'>\n\t\t\t<div class='gallery-icon landscape'>\n\t\t\t\t<a data-elementor-open-lightbox=\"yes\" data-elementor-lightbox-slideshow=\"514e412\" data-elementor-lightbox-title=\"IMG_20170317_WA0009_1\" data-e-action-hash=\"#elementor-action%3Aaction%3Dlightbox%26settings%3DeyJpZCI6NTksInVybCI6Imh0dHBzOlwvXC9lY29rdW1hc2NpbGlrLmNvbS50clwvd3AtY29udGVudFwvdXBsb2Fkc1wvMjAyNlwvMDJcL0lNR18yMDE3MDMxN19XQTAwMDlfMS5qcGciLCJzbGlkZXNob3ciOiI1MTRlNDEyIn0%3D\" href='https:\/\/ecokumascilik.com.tr\/wp-content\/uploads\/2026\/02\/IMG_20170317_WA0009_1.jpg'><img loading=\"lazy\" decoding=\"async\" width=\"1200\" height=\"830\" src=\"https:\/\/ecokumascilik.com.tr\/wp-content\/uploads\/2026\/02\/IMG_20170317_WA0009_1.jpg\" class=\"attachment-full size-full\" alt=\"\" srcset=\"https:\/\/ecokumascilik.com.tr\/wp-content\/uploads\/2026\/02\/IMG_20170317_WA0009_1.jpg 1200w, https:\/\/ecokumascilik.com.tr\/wp-content\/uploads\/2026\/02\/IMG_20170317_WA0009_1-300x208.jpg 300w, https:\/\/ecokumascilik.com.tr\/wp-content\/uploads\/2026\/02\/IMG_20170317_WA0009_1-1024x708.jpg 1024w, https:\/\/ecokumascilik.com.tr\/wp-content\/uploads\/2026\/02\/IMG_20170317_WA0009_1-768x531.jpg 768w\" sizes=\"(max-width: 1200px) 100vw, 1200px\" \/><\/a>\n\t\t\t<\/div><\/figure><figure class='gallery-item'>\n\t\t\t<div class='gallery-icon landscape'>\n\t\t\t\t<a data-elementor-open-lightbox=\"yes\" data-elementor-lightbox-slideshow=\"514e412\" data-elementor-lightbox-title=\"IMG_20170317_WA0009\" data-e-action-hash=\"#elementor-action%3Aaction%3Dlightbox%26settings%3DeyJpZCI6NTgsInVybCI6Imh0dHBzOlwvXC9lY29rdW1hc2NpbGlrLmNvbS50clwvd3AtY29udGVudFwvdXBsb2Fkc1wvMjAyNlwvMDJcL0lNR18yMDE3MDMxN19XQTAwMDkuanBnIiwic2xpZGVzaG93IjoiNTE0ZTQxMiJ9\" href='https:\/\/ecokumascilik.com.tr\/wp-content\/uploads\/2026\/02\/IMG_20170317_WA0009.jpg'><img loading=\"lazy\" decoding=\"async\" width=\"1200\" height=\"830\" src=\"https:\/\/ecokumascilik.com.tr\/wp-content\/uploads\/2026\/02\/IMG_20170317_WA0009.jpg\" class=\"attachment-full size-full\" alt=\"\" srcset=\"https:\/\/ecokumascilik.com.tr\/wp-content\/uploads\/2026\/02\/IMG_20170317_WA0009.jpg 1200w, https:\/\/ecokumascilik.com.tr\/wp-content\/uploads\/2026\/02\/IMG_20170317_WA0009-300x208.jpg 300w, https:\/\/ecokumascilik.com.tr\/wp-content\/uploads\/2026\/02\/IMG_20170317_WA0009-1024x708.jpg 1024w, https:\/\/ecokumascilik.com.tr\/wp-content\/uploads\/2026\/02\/IMG_20170317_WA0009-768x531.jpg 768w\" sizes=\"(max-width: 1200px) 100vw, 1200px\" \/><\/a>\n\t\t\t<\/div><\/figure><figure class='gallery-item'>\n\t\t\t<div class='gallery-icon landscape'>\n\t\t\t\t<a data-elementor-open-lightbox=\"yes\" data-elementor-lightbox-slideshow=\"514e412\" data-elementor-lightbox-title=\"IMG_20170317_WA0008\" data-e-action-hash=\"#elementor-action%3Aaction%3Dlightbox%26settings%3DeyJpZCI6NTcsInVybCI6Imh0dHBzOlwvXC9lY29rdW1hc2NpbGlrLmNvbS50clwvd3AtY29udGVudFwvdXBsb2Fkc1wvMjAyNlwvMDJcL0lNR18yMDE3MDMxN19XQTAwMDguanBnIiwic2xpZGVzaG93IjoiNTE0ZTQxMiJ9\" href='https:\/\/ecokumascilik.com.tr\/wp-content\/uploads\/2026\/02\/IMG_20170317_WA0008.jpg'><img loading=\"lazy\" decoding=\"async\" width=\"1200\" height=\"830\" src=\"https:\/\/ecokumascilik.com.tr\/wp-content\/uploads\/2026\/02\/IMG_20170317_WA0008.jpg\" class=\"attachment-full size-full\" alt=\"\" srcset=\"https:\/\/ecokumascilik.com.tr\/wp-content\/uploads\/2026\/02\/IMG_20170317_WA0008.jpg 1200w, https:\/\/ecokumascilik.com.tr\/wp-content\/uploads\/2026\/02\/IMG_20170317_WA0008-300x208.jpg 300w, https:\/\/ecokumascilik.com.tr\/wp-content\/uploads\/2026\/02\/IMG_20170317_WA0008-1024x708.jpg 1024w, https:\/\/ecokumascilik.com.tr\/wp-content\/uploads\/2026\/02\/IMG_20170317_WA0008-768x531.jpg 768w\" sizes=\"(max-width: 1200px) 100vw, 1200px\" \/><\/a>\n\t\t\t<\/div><\/figure><figure class='gallery-item'>\n\t\t\t<div class='gallery-icon landscape'>\n\t\t\t\t<a data-elementor-open-lightbox=\"yes\" data-elementor-lightbox-slideshow=\"514e412\" data-elementor-lightbox-title=\"8\" data-e-action-hash=\"#elementor-action%3Aaction%3Dlightbox%26settings%3DeyJpZCI6NTYsInVybCI6Imh0dHBzOlwvXC9lY29rdW1hc2NpbGlrLmNvbS50clwvd3AtY29udGVudFwvdXBsb2Fkc1wvMjAyNlwvMDJcLzguanBnIiwic2xpZGVzaG93IjoiNTE0ZTQxMiJ9\" href='https:\/\/ecokumascilik.com.tr\/wp-content\/uploads\/2026\/02\/8.jpg'><img loading=\"lazy\" decoding=\"async\" width=\"1200\" height=\"830\" src=\"https:\/\/ecokumascilik.com.tr\/wp-content\/uploads\/2026\/02\/8.jpg\" class=\"attachment-full size-full\" alt=\"\" srcset=\"https:\/\/ecokumascilik.com.tr\/wp-content\/uploads\/2026\/02\/8.jpg 1200w, https:\/\/ecokumascilik.com.tr\/wp-content\/uploads\/2026\/02\/8-300x208.jpg 300w, https:\/\/ecokumascilik.com.tr\/wp-content\/uploads\/2026\/02\/8-1024x708.jpg 1024w, https:\/\/ecokumascilik.com.tr\/wp-content\/uploads\/2026\/02\/8-768x531.jpg 768w\" sizes=\"(max-width: 1200px) 100vw, 1200px\" \/><\/a>\n\t\t\t<\/div><\/figure><figure class='gallery-item'>\n\t\t\t<div class='gallery-icon landscape'>\n\t\t\t\t<a data-elementor-open-lightbox=\"yes\" data-elementor-lightbox-slideshow=\"514e412\" data-elementor-lightbox-title=\"6\" data-e-action-hash=\"#elementor-action%3Aaction%3Dlightbox%26settings%3DeyJpZCI6NTUsInVybCI6Imh0dHBzOlwvXC9lY29rdW1hc2NpbGlrLmNvbS50clwvd3AtY29udGVudFwvdXBsb2Fkc1wvMjAyNlwvMDJcLzYuanBnIiwic2xpZGVzaG93IjoiNTE0ZTQxMiJ9\" href='https:\/\/ecokumascilik.com.tr\/wp-content\/uploads\/2026\/02\/6.jpg'><img loading=\"lazy\" decoding=\"async\" width=\"1200\" height=\"830\" src=\"https:\/\/ecokumascilik.com.tr\/wp-content\/uploads\/2026\/02\/6.jpg\" class=\"attachment-full size-full\" alt=\"\" srcset=\"https:\/\/ecokumascilik.com.tr\/wp-content\/uploads\/2026\/02\/6.jpg 1200w, https:\/\/ecokumascilik.com.tr\/wp-content\/uploads\/2026\/02\/6-300x208.jpg 300w, https:\/\/ecokumascilik.com.tr\/wp-content\/uploads\/2026\/02\/6-1024x708.jpg 1024w, https:\/\/ecokumascilik.com.tr\/wp-content\/uploads\/2026\/02\/6-768x531.jpg 768w\" sizes=\"(max-width: 1200px) 100vw, 1200px\" \/><\/a>\n\t\t\t<\/div><\/figure><figure class='gallery-item'>\n\t\t\t<div class='gallery-icon landscape'>\n\t\t\t\t<a data-elementor-open-lightbox=\"yes\" data-elementor-lightbox-slideshow=\"514e412\" data-elementor-lightbox-title=\"5\" data-e-action-hash=\"#elementor-action%3Aaction%3Dlightbox%26settings%3DeyJpZCI6NTQsInVybCI6Imh0dHBzOlwvXC9lY29rdW1hc2NpbGlrLmNvbS50clwvd3AtY29udGVudFwvdXBsb2Fkc1wvMjAyNlwvMDJcLzUuanBnIiwic2xpZGVzaG93IjoiNTE0ZTQxMiJ9\" href='https:\/\/ecokumascilik.com.tr\/wp-content\/uploads\/2026\/02\/5.jpg'><img loading=\"lazy\" decoding=\"async\" width=\"1200\" height=\"830\" src=\"https:\/\/ecokumascilik.com.tr\/wp-content\/uploads\/2026\/02\/5.jpg\" class=\"attachment-full size-full\" alt=\"\" srcset=\"https:\/\/ecokumascilik.com.tr\/wp-content\/uploads\/2026\/02\/5.jpg 1200w, https:\/\/ecokumascilik.com.tr\/wp-content\/uploads\/2026\/02\/5-300x208.jpg 300w, https:\/\/ecokumascilik.com.tr\/wp-content\/uploads\/2026\/02\/5-1024x708.jpg 1024w, https:\/\/ecokumascilik.com.tr\/wp-content\/uploads\/2026\/02\/5-768x531.jpg 768w\" sizes=\"(max-width: 1200px) 100vw, 1200px\" \/><\/a>\n\t\t\t<\/div><\/figure><figure class='gallery-item'>\n\t\t\t<div class='gallery-icon landscape'>\n\t\t\t\t<a data-elementor-open-lightbox=\"yes\" data-elementor-lightbox-slideshow=\"514e412\" data-elementor-lightbox-title=\"4\" data-e-action-hash=\"#elementor-action%3Aaction%3Dlightbox%26settings%3DeyJpZCI6NTMsInVybCI6Imh0dHBzOlwvXC9lY29rdW1hc2NpbGlrLmNvbS50clwvd3AtY29udGVudFwvdXBsb2Fkc1wvMjAyNlwvMDJcLzQuanBnIiwic2xpZGVzaG93IjoiNTE0ZTQxMiJ9\" href='https:\/\/ecokumascilik.com.tr\/wp-content\/uploads\/2026\/02\/4.jpg'><img loading=\"lazy\" decoding=\"async\" width=\"1200\" height=\"830\" src=\"https:\/\/ecokumascilik.com.tr\/wp-content\/uploads\/2026\/02\/4.jpg\" class=\"attachment-full size-full\" alt=\"\" srcset=\"https:\/\/ecokumascilik.com.tr\/wp-content\/uploads\/2026\/02\/4.jpg 1200w, https:\/\/ecokumascilik.com.tr\/wp-content\/uploads\/2026\/02\/4-300x208.jpg 300w, https:\/\/ecokumascilik.com.tr\/wp-content\/uploads\/2026\/02\/4-1024x708.jpg 1024w, https:\/\/ecokumascilik.com.tr\/wp-content\/uploads\/2026\/02\/4-768x531.jpg 768w\" sizes=\"(max-width: 1200px) 100vw, 1200px\" \/><\/a>\n\t\t\t<\/div><\/figure><figure class='gallery-item'>\n\t\t\t<div class='gallery-icon landscape'>\n\t\t\t\t<a data-elementor-open-lightbox=\"yes\" data-elementor-lightbox-slideshow=\"514e412\" data-elementor-lightbox-title=\"3_1\" data-e-action-hash=\"#elementor-action%3Aaction%3Dlightbox%26settings%3DeyJpZCI6NTIsInVybCI6Imh0dHBzOlwvXC9lY29rdW1hc2NpbGlrLmNvbS50clwvd3AtY29udGVudFwvdXBsb2Fkc1wvMjAyNlwvMDJcLzNfMS5qcGciLCJzbGlkZXNob3ciOiI1MTRlNDEyIn0%3D\" href='https:\/\/ecokumascilik.com.tr\/wp-content\/uploads\/2026\/02\/3_1.jpg'><img loading=\"lazy\" decoding=\"async\" width=\"1200\" height=\"830\" src=\"https:\/\/ecokumascilik.com.tr\/wp-content\/uploads\/2026\/02\/3_1.jpg\" class=\"attachment-full size-full\" alt=\"\" srcset=\"https:\/\/ecokumascilik.com.tr\/wp-content\/uploads\/2026\/02\/3_1.jpg 1200w, https:\/\/ecokumascilik.com.tr\/wp-content\/uploads\/2026\/02\/3_1-300x208.jpg 300w, https:\/\/ecokumascilik.com.tr\/wp-content\/uploads\/2026\/02\/3_1-1024x708.jpg 1024w, https:\/\/ecokumascilik.com.tr\/wp-content\/uploads\/2026\/02\/3_1-768x531.jpg 768w\" sizes=\"(max-width: 1200px) 100vw, 1200px\" \/><\/a>\n\t\t\t<\/div><\/figure><figure class='gallery-item'>\n\t\t\t<div class='gallery-icon landscape'>\n\t\t\t\t<a data-elementor-open-lightbox=\"yes\" data-elementor-lightbox-slideshow=\"514e412\" data-elementor-lightbox-title=\"3\" data-e-action-hash=\"#elementor-action%3Aaction%3Dlightbox%26settings%3DeyJpZCI6NTEsInVybCI6Imh0dHBzOlwvXC9lY29rdW1hc2NpbGlrLmNvbS50clwvd3AtY29udGVudFwvdXBsb2Fkc1wvMjAyNlwvMDJcLzMuanBnIiwic2xpZGVzaG93IjoiNTE0ZTQxMiJ9\" href='https:\/\/ecokumascilik.com.tr\/wp-content\/uploads\/2026\/02\/3.jpg'><img loading=\"lazy\" decoding=\"async\" width=\"1200\" height=\"830\" src=\"https:\/\/ecokumascilik.com.tr\/wp-content\/uploads\/2026\/02\/3.jpg\" class=\"attachment-full size-full\" alt=\"\" srcset=\"https:\/\/ecokumascilik.com.tr\/wp-content\/uploads\/2026\/02\/3.jpg 1200w, https:\/\/ecokumascilik.com.tr\/wp-content\/uploads\/2026\/02\/3-300x208.jpg 300w, https:\/\/ecokumascilik.com.tr\/wp-content\/uploads\/2026\/02\/3-1024x708.jpg 1024w, https:\/\/ecokumascilik.com.tr\/wp-content\/uploads\/2026\/02\/3-768x531.jpg 768w\" sizes=\"(max-width: 1200px) 100vw, 1200px\" \/><\/a>\n\t\t\t<\/div><\/figure><figure class='gallery-item'>\n\t\t\t<div class='gallery-icon landscape'>\n\t\t\t\t<a data-elementor-open-lightbox=\"yes\" data-elementor-lightbox-slideshow=\"514e412\" data-elementor-lightbox-title=\"2\" data-e-action-hash=\"#elementor-action%3Aaction%3Dlightbox%26settings%3DeyJpZCI6NTAsInVybCI6Imh0dHBzOlwvXC9lY29rdW1hc2NpbGlrLmNvbS50clwvd3AtY29udGVudFwvdXBsb2Fkc1wvMjAyNlwvMDJcLzIuanBnIiwic2xpZGVzaG93IjoiNTE0ZTQxMiJ9\" href='https:\/\/ecokumascilik.com.tr\/wp-content\/uploads\/2026\/02\/2.jpg'><img loading=\"lazy\" decoding=\"async\" width=\"1200\" height=\"830\" src=\"https:\/\/ecokumascilik.com.tr\/wp-content\/uploads\/2026\/02\/2.jpg\" class=\"attachment-full size-full\" alt=\"\" srcset=\"https:\/\/ecokumascilik.com.tr\/wp-content\/uploads\/2026\/02\/2.jpg 1200w, https:\/\/ecokumascilik.com.tr\/wp-content\/uploads\/2026\/02\/2-300x208.jpg 300w, https:\/\/ecokumascilik.com.tr\/wp-content\/uploads\/2026\/02\/2-1024x708.jpg 1024w, https:\/\/ecokumascilik.com.tr\/wp-content\/uploads\/2026\/02\/2-768x531.jpg 768w\" sizes=\"(max-width: 1200px) 100vw, 1200px\" \/><\/a>\n\t\t\t<\/div><\/figure><figure class='gallery-item'>\n\t\t\t<div class='gallery-icon landscape'>\n\t\t\t\t<a data-elementor-open-lightbox=\"yes\" data-elementor-lightbox-slideshow=\"514e412\" data-elementor-lightbox-title=\"1\" data-e-action-hash=\"#elementor-action%3Aaction%3Dlightbox%26settings%3DeyJpZCI6NDksInVybCI6Imh0dHBzOlwvXC9lY29rdW1hc2NpbGlrLmNvbS50clwvd3AtY29udGVudFwvdXBsb2Fkc1wvMjAyNlwvMDJcLzEuanBnIiwic2xpZGVzaG93IjoiNTE0ZTQxMiJ9\" href='https:\/\/ecokumascilik.com.tr\/wp-content\/uploads\/2026\/02\/1.jpg'><img loading=\"lazy\" decoding=\"async\" width=\"1200\" height=\"830\" src=\"https:\/\/ecokumascilik.com.tr\/wp-content\/uploads\/2026\/02\/1.jpg\" class=\"attachment-full size-full\" alt=\"\" srcset=\"https:\/\/ecokumascilik.com.tr\/wp-content\/uploads\/2026\/02\/1.jpg 1200w, https:\/\/ecokumascilik.com.tr\/wp-content\/uploads\/2026\/02\/1-300x208.jpg 300w, https:\/\/ecokumascilik.com.tr\/wp-content\/uploads\/2026\/02\/1-1024x708.jpg 1024w, https:\/\/ecokumascilik.com.tr\/wp-content\/uploads\/2026\/02\/1-768x531.jpg 768w\" sizes=\"(max-width: 1200px) 100vw, 1200px\" \/><\/a>\n\t\t\t<\/div><\/figure>\n\t\t<\/div>\n\t\t<\/div>\n\t\t\t\t\t\t<\/div>\n\t\t\t\t<\/div>\n\t\t\t\t<\/div>\n\t\t","protected":false},"excerpt":{"rendered":"<p>LYC SUPREMPAMUK POLYESTER 2\u0130PL\u0130KD\u00dcZ S\u00dcPREML\u0130KRASIZ SUPREM3\u0130PL\u0130KPAMUGA-PAMUK<\/p>\n","protected":false},"author":1,"featured_media":0,"parent":0,"menu_order":0,"comment_status":"closed","ping_status":"closed","template":"","meta":{"_kad_post_transparent":"","_kad_post_title":"hide","_kad_post_layout":"fullwidth","_kad_post_sidebar_id":"","_kad_post_content_style":"unboxed","_kad_post_vertical_padding":"hide","_kad_post_feature":"hide","_kad_post_feature_position":"","_kad_post_header":false,"_kad_post_footer":false,"_kad_post_classname":"","footnotes":""},"class_list":["post-47","page","type-page","status-publish","hentry"],"_links":{"self":[{"href":"https:\/\/ecokumascilik.com.tr\/index.php\/wp-json\/wp\/v2\/pages\/47","targetHints":{"allow":["GET"]}}],"collection":[{"href":"https:\/\/ecokumascilik.com.tr\/index.php\/wp-json\/wp\/v2\/pages"}],"about":[{"href":"https:\/\/ecokumascilik.com.tr\/index.php\/wp-json\/wp\/v2\/types\/page"}],"author":[{"embeddable":true,"href":"https:\/\/ecokumascilik.com.tr\/index.php\/wp-json\/wp\/v2\/users\/1"}],"replies":[{"embeddable":true,"href":"https:\/\/ecokumascilik.com.tr\/index.php\/wp-json\/wp\/v2\/comments?post=47"}],"version-history":[{"count":7,"href":"https:\/\/ecokumascilik.com.tr\/index.php\/wp-json\/wp\/v2\/pages\/47\/revisions"}],"predecessor-version":[{"id":69,"href":"https:\/\/ecokumascilik.com.tr\/index.php\/wp-json\/wp\/v2\/pages\/47\/revisions\/69"}],"wp:attachment":[{"href":"https:\/\/ecokumascilik.com.tr\/index.php\/wp-json\/wp\/v2\/media?parent=47"}],"curies":[{"name":"wp","href":"https:\/\/api.w.org\/{rel}","templated":true}]}}