{"id":22,"date":"2026-02-14T11:22:24","date_gmt":"2026-02-14T11:22:24","guid":{"rendered":"https:\/\/ecokumascilik.com.tr\/?page_id=22"},"modified":"2026-02-14T11:33:57","modified_gmt":"2026-02-14T11:33:57","slug":"kurumsal","status":"publish","type":"page","link":"https:\/\/ecokumascilik.com.tr\/index.php\/kurumsal\/","title":{"rendered":"Kurumsal"},"content":{"rendered":"\t\t<div data-elementor-type=\"wp-page\" data-elementor-id=\"22\" class=\"elementor elementor-22\">\n\t\t\t\t<div class=\"elementor-element elementor-element-4e67b0b e-flex e-con-boxed e-con e-parent\" data-id=\"4e67b0b\" data-element_type=\"container\" data-e-type=\"container\" data-settings=\"{&quot;background_background&quot;:&quot;classic&quot;}\">\n\t\t\t\t\t<div class=\"e-con-inner\">\n\t\t<div class=\"elementor-element elementor-element-3d70c53 e-con-full e-flex e-con e-child\" data-id=\"3d70c53\" data-element_type=\"container\" data-e-type=\"container\">\n\t\t\t\t<div class=\"elementor-element elementor-element-ba3c2d8 elementor-widget elementor-widget-image\" data-id=\"ba3c2d8\" data-element_type=\"widget\" data-e-type=\"widget\" data-widget_type=\"image.default\">\n\t\t\t\t\t\t\t\t\t\t\t\t\t\t\t<img fetchpriority=\"high\" decoding=\"async\" width=\"768\" height=\"508\" src=\"https:\/\/ecokumascilik.com.tr\/wp-content\/uploads\/2026\/02\/d7000_ile_cekilmis_fotolar_05-768x508.jpg\" class=\"attachment-medium_large size-medium_large wp-image-24\" alt=\"\" srcset=\"https:\/\/ecokumascilik.com.tr\/wp-content\/uploads\/2026\/02\/d7000_ile_cekilmis_fotolar_05-768x508.jpg 768w, https:\/\/ecokumascilik.com.tr\/wp-content\/uploads\/2026\/02\/d7000_ile_cekilmis_fotolar_05-300x199.jpg 300w, https:\/\/ecokumascilik.com.tr\/wp-content\/uploads\/2026\/02\/d7000_ile_cekilmis_fotolar_05.jpg 950w\" sizes=\"(max-width: 768px) 100vw, 768px\" \/>\t\t\t\t\t\t\t\t\t\t\t\t\t\t\t<\/div>\n\t\t\t\t<\/div>\n\t\t\t\t\t<\/div>\n\t\t\t\t<\/div>\n\t\t<div class=\"elementor-element elementor-element-c929937 e-flex e-con-boxed e-con e-parent\" data-id=\"c929937\" data-element_type=\"container\" data-e-type=\"container\">\n\t\t\t\t\t<div class=\"e-con-inner\">\n\t\t<div class=\"elementor-element elementor-element-1c01ef7 e-con-full e-flex e-con e-child\" data-id=\"1c01ef7\" data-element_type=\"container\" data-e-type=\"container\">\n\t\t\t\t<div class=\"elementor-element elementor-element-45c10bf elementor-widget elementor-widget-text-editor\" data-id=\"45c10bf\" data-element_type=\"widget\" data-e-type=\"widget\" data-widget_type=\"text-editor.default\">\n\t\t\t\t\t\t\t\t\t<p>\u00a0 \u00a0 \u00a0 \u00a0 \u00a0Cekirdekten ba\u015flay\u0131p 20 senedir sektorun icinde olan firmam\u0131z Zeytinburnundad\u0131r.<br \/>\u00a0 \u00a0 \u00a0 \u00a0 Firmam\u0131z kuruldu\u011fu gunden beri her zaman tum yerli ve yabanc\u0131 mu\u015fterilerinin yan\u0131nda olup , cal\u0131\u015fmalar\u0131n\u0131 da bu do\u011frultuda devam ettirme hedefinden asla vazgecmeyecektir.<\/p><p>\u00a0 \u00a0 \u00a0 \u00a0Ba\u015far\u0131n\u0131n anahtar\u0131n\u0131 Ko\u015fulsuz Mu\u015fteri Memnuniyeti olarak benimsemi\u015f; Etik De\u011ferler Kapsam\u0131nda Do\u011fru ve Durust cal\u0131\u015fmay\u0131 ilke edinmi\u015f olan ECO KUMA\u015eCILIK , gun gecditikce yenilenen teknik altyap\u0131s\u0131 ve nitelikli insan gucu ile uluslararas\u0131 piyasada yer alan bir firma olmay\u0131 amac edinmi\u015ftir.&#8217;,<\/p>\t\t\t\t\t\t\t\t<\/div>\n\t\t\t\t<\/div>\n\t\t<div class=\"elementor-element elementor-element-ff5a387 e-con-full e-flex e-con e-child\" data-id=\"ff5a387\" data-element_type=\"container\" data-e-type=\"container\">\n\t\t\t\t<div class=\"elementor-element elementor-element-e47531c elementor-widget elementor-widget-image\" data-id=\"e47531c\" data-element_type=\"widget\" data-e-type=\"widget\" data-widget_type=\"image.default\">\n\t\t\t\t\t\t\t\t\t\t\t\t\t\t\t<img decoding=\"async\" width=\"400\" height=\"130\" src=\"https:\/\/ecokumascilik.com.tr\/wp-content\/uploads\/2026\/02\/LOGO-eco-kumas.jpg\" class=\"attachment-large size-large wp-image-18\" alt=\"\" srcset=\"https:\/\/ecokumascilik.com.tr\/wp-content\/uploads\/2026\/02\/LOGO-eco-kumas.jpg 400w, https:\/\/ecokumascilik.com.tr\/wp-content\/uploads\/2026\/02\/LOGO-eco-kumas-300x98.jpg 300w\" sizes=\"(max-width: 400px) 100vw, 400px\" \/>\t\t\t\t\t\t\t\t\t\t\t\t\t\t\t<\/div>\n\t\t\t\t<\/div>\n\t\t\t\t\t<\/div>\n\t\t\t\t<\/div>\n\t\t\t\t<\/div>\n\t\t","protected":false},"excerpt":{"rendered":"<p>\u00a0 \u00a0 \u00a0 \u00a0 \u00a0Cekirdekten ba\u015flay\u0131p 20 senedir sektorun icinde olan firmam\u0131z Zeytinburnundad\u0131r.\u00a0 \u00a0 \u00a0 \u00a0 Firmam\u0131z kuruldu\u011fu gunden beri her zaman tum yerli ve yabanc\u0131 mu\u015fterilerinin yan\u0131nda olup , cal\u0131\u015fmalar\u0131n\u0131 da bu do\u011frultuda devam ettirme hedefinden asla vazgecmeyecektir. \u00a0 \u00a0 \u00a0 \u00a0Ba\u015far\u0131n\u0131n anahtar\u0131n\u0131 Ko\u015fulsuz Mu\u015fteri Memnuniyeti olarak benimsemi\u015f; Etik De\u011ferler Kapsam\u0131nda Do\u011fru ve Durust&#8230;<\/p>\n","protected":false},"author":1,"featured_media":0,"parent":0,"menu_order":0,"comment_status":"closed","ping_status":"closed","template":"","meta":{"_kad_post_transparent":"","_kad_post_title":"hide","_kad_post_layout":"fullwidth","_kad_post_sidebar_id":"","_kad_post_content_style":"unboxed","_kad_post_vertical_padding":"hide","_kad_post_feature":"hide","_kad_post_feature_position":"","_kad_post_header":false,"_kad_post_footer":false,"_kad_post_classname":"","footnotes":""},"class_list":["post-22","page","type-page","status-publish","hentry"],"_links":{"self":[{"href":"https:\/\/ecokumascilik.com.tr\/index.php\/wp-json\/wp\/v2\/pages\/22","targetHints":{"allow":["GET"]}}],"collection":[{"href":"https:\/\/ecokumascilik.com.tr\/index.php\/wp-json\/wp\/v2\/pages"}],"about":[{"href":"https:\/\/ecokumascilik.com.tr\/index.php\/wp-json\/wp\/v2\/types\/page"}],"author":[{"embeddable":true,"href":"https:\/\/ecokumascilik.com.tr\/index.php\/wp-json\/wp\/v2\/users\/1"}],"replies":[{"embeddable":true,"href":"https:\/\/ecokumascilik.com.tr\/index.php\/wp-json\/wp\/v2\/comments?post=22"}],"version-history":[{"count":13,"href":"https:\/\/ecokumascilik.com.tr\/index.php\/wp-json\/wp\/v2\/pages\/22\/revisions"}],"predecessor-version":[{"id":36,"href":"https:\/\/ecokumascilik.com.tr\/index.php\/wp-json\/wp\/v2\/pages\/22\/revisions\/36"}],"wp:attachment":[{"href":"https:\/\/ecokumascilik.com.tr\/index.php\/wp-json\/wp\/v2\/media?parent=22"}],"curies":[{"name":"wp","href":"https:\/\/api.w.org\/{rel}","templated":true}]}}